{"id":2436,"date":"2021-05-11T12:20:47","date_gmt":"2021-05-11T12:20:47","guid":{"rendered":"https:\/\/dependance.ch\/wp\/?page_id=2436"},"modified":"2021-08-04T15:26:24","modified_gmt":"2021-08-04T15:26:24","slug":"audio-podcast-vilyl-collection","status":"publish","type":"page","link":"https:\/\/dependance.ch\/wp\/audio-podcast-vilyl-collection\/?lang=de","title":{"rendered":"Audio \/ Podcast \/ Vinyl Collection"},"content":{"rendered":"<p><strong><span class=\"VIiyi\" lang=\"en\"><span class=\"JLqJ4b ChMk0b\" data-language-for-alternatives=\"en\" data-language-to-translate-into=\"de\" data-phrase-index=\"0\">La D\u00e9pendance Vinyl Collection &amp; Ephemera I<\/span><\/span><\/strong><\/p>\n<p><span class=\"VIiyi\" lang=\"en\"><span class=\"JLqJ4b ChMk0b\" data-language-for-alternatives=\"en\" data-language-to-translate-into=\"de\" data-phrase-index=\"3\">Die Residenz beherbergt eine kleine Bibliothek und Plattensammlung. Die jeweiligen G\u00e4ste k\u00f6nnen nach ihrem Aufenthalt 3 B\u00fccher und eine Platte vorschlagen welche anschliessend in die Sammlung aufgenommen werden und so zu deren Aufbau beitragen.<br \/>\nDer Mix &#8220; La D\u00e9pendance Vinyl Collection &amp; Ephemera I &#8220; versammelt nun eine kleine Zusammenstellung von St\u00fccken aus der Sammlung und verschiedenen Fieldrecordings, Aufnahmen und Texten aus dem Umraum des Projekts.<\/span><\/span><\/p>\n<p><span class=\"VIiyi\" lang=\"en\"><span class=\"JLqJ4b ChMk0b\" data-language-for-alternatives=\"en\" data-language-to-translate-into=\"de\" data-phrase-index=\"3\">\u00a0<\/span><\/span><\/p>\n<p><strong><span class=\"VIiyi\" lang=\"en\"><span class=\"JLqJ4b ChMk0b\" data-language-for-alternatives=\"en\" data-language-to-translate-into=\"de\" data-phrase-index=\"0\"><br \/>\n<\/span><\/span><\/strong>Listen Mix I \u00a0\u00a0 &#8211;&gt; <a href=\"https:\/\/www.mixcloud.com\/La_Dependance\/la-d\u00e9pendance-vinyl-collection-ephemera-i\/\" target=\"_blank\" rel=\"noopener noreferrer\">here<\/a><br \/>\nListen Mix II\u00a0 &#8211;&gt;<a href=\"https:\/\/www.mixcloud.com\/La_Dependance\/la-d\u00e9pendance-vinyl-collection-ephemera-ii\/\"> here<\/a><\/p>\n<p>Tracklists:<\/p>\n<p><strong>Tracklist Mix I :<\/strong><br \/>\n00.00.00<br \/>\nIntro (Its Broken)<br \/>\n00.00.55 &#8211; 00.03.32<br \/>\nSonja Tofik; Anomi; Anomi<br \/>\n00.03.32 &#8211; 00.04.23<br \/>\nInterlude; Excerpt from Hawhum Panel<br \/>\n00.04.23 &#8211; 00.18.38<br \/>\nAnna Homer &amp; Steve Moisher; Deliquium in ABC; Deliquium in C<br \/>\n00.17.55 &#8211; 00.18.43<br \/>\nUrsula K.Le Guin &amp; Todd Barton; Music and Poetry of the Kesh; Teaching Poem<br \/>\n00.18.43 &#8211; 00.21.23<br \/>\nMorita Vargas; 8; Paitice<br \/>\n00.21.15 &#8211; 00.21.26<br \/>\nInterlude; Excerpt from Hawhum Panel;<br \/>\n00.22.06 &#8211; 00.29.27<br \/>\nSarah Davachi; Vergers; Ghosts And All<br \/>\n00.29.27 &#8211; 00.33.14<br \/>\nAline Zeltner; Watching Looking; Looking at the Sea<br \/>\n00.33.14 &#8211; 00.40.24<br \/>\nAlessandra Novaya; I should have been a Gardener<br \/>\n00.40.24 &#8211; 00.53.17<br \/>\nKnud Viktor; Les \u00c9ph\u00e9meres<br \/>\n00.53.17 &#8211; 00.55.52<br \/>\nUrsula K.Le Guin &amp; Todd Barton; Music and Poetry of the Kesh; River Song<br \/>\n00.55.52 &#8211; 00.56.21<br \/>\nEmily A.Sprague; Water Memory; Mount Vision Poem<br \/>\n00.56.21 &#8211; 01.02.58<br \/>\nEmily A.Sprague; Water Memory; Synth 1<br \/>\n01.02.58 &#8211; 01.04.13<br \/>\nInterlude; Dishwashing; Misteldrossel, Pirol<br \/>\n01.04.13 &#8211; 01.15.11<br \/>\nHideki Umezawa; Two views of Amami Oshima; Dokkyaku<br \/>\n01.15.11 &#8211; 01.24.51<br \/>\nKali Malone; The Sacrificial Code; Spectacle of Ritual<br \/>\n01.21.31 &#8211; 01.25.44<br \/>\nA letter from Sadie<br \/>\n01.24.51 &#8211; 01.27.56<br \/>\nTasha Wada with Yoshi Wada and Friends; Nue; Mutable Signs<br \/>\n01.27.56 &#8211; 01.30.00<br \/>\nWalter Maiali &amp; Agostino Nirodh Fortini; Taraxacum; Two Performers in a Field (Dandelion Flutes)<\/p>\n<p><strong>Tracklist Mix II :<\/strong><\/p>\n<p>00.00.00<br \/>\nIntro: Pirata and Anouk searching for a Mouse;<br \/>\nNameless Chicken; Motor; Birds<br \/>\n00.01.20 &#8211; 00.05.40<br \/>\nJasmine Guffond; Yellow Bell; rr Variation<br \/>\n00.05.40 &#8211; 00.26.05<br \/>\nEliane Radigue; Chry-Ptus II<br \/>\n00.26.05 &#8211; 00.28.03<br \/>\nInterlude: La Fiolle, Fontaine, Shower<br \/>\n00.28.03 &#8211; 00.30.35<br \/>\nEartheater; Irisiri; Peripheral<br \/>\n00.30.35 &#8211; 00.34.58<br \/>\nKa Baird; Respires; Storms Stay Fine<br \/>\n00.34.58 &#8211; 00.36.06<br \/>\nInterlude: Microphone Swing<br \/>\n00.36.06 &#8211; 00.39.08<br \/>\nPlantasia; Music to soothe the Savage Snake Plant<br \/>\n00.39.08 &#8211; 00.45.57<br \/>\nSiavash Amini; A Mimesis of Nothingness; Moonless Garden<br \/>\n00.45.57 &#8211; 00.50.46<br \/>\nMarja Ahti; Vegetal Negatives;Symbiogenesis<br \/>\n00.50.46 &#8211; 00.55.04<br \/>\nMaria Teriaeva; Conservatory of Flowers; 14&#8217;19<br \/>\n00.55.04 &#8211; 01.05.03<br \/>\nStill und Dunkel; Abandoned; Transient<br \/>\n01.05.03 &#8211; 01.12.04<br \/>\nThemepark; Tales; (Excerpt)<br \/>\n01.12.04 &#8211; 01.15.17<br \/>\nEmma Souharce; Interactions; Assurance Maladie<br \/>\n01.15.17 &#8211; 01.17.56<br \/>\nKa Baird; Respires; Pulse<br \/>\n01.17.56 &#8211; 01.36.28<br \/>\nPauline Oliveros; Tara&#8217;s Room<br \/>\n01.36.28 &#8211; 01.42.02<br \/>\nBelong; October Language; Remove the Inside<br \/>\n01.42.02 &#8211; 01.47.36<br \/>\nMKWAJU; Pulse in my mind<br \/>\n01.47.36 &#8211; 01.59.45<br \/>\nCatherine Christer Hennig; Selected early keyboard Works; Equal Temperament Fender Mix<br \/>\n01.59.45 &#8211; 02.01.25<br \/>\nOutro: Pirata and Anouk searching for a Mouse;<br \/>\nNameless Chicken; Motor; Birds<\/p>\n<p><a href=\"https:\/\/dependance.ch\/wp\/wp-content\/uploads\/2021\/05\/Radioshows.jpg\"><img loading=\"lazy\" decoding=\"async\" class=\"alignnone wp-image-2404 size-full\" src=\"https:\/\/dependance.ch\/wp\/wp-content\/uploads\/2021\/05\/Radioshows.jpg\" alt=\"\" width=\"800\" height=\"600\" srcset=\"https:\/\/dependance.ch\/wp\/wp-content\/uploads\/2021\/05\/Radioshows.jpg 800w, https:\/\/dependance.ch\/wp\/wp-content\/uploads\/2021\/05\/Radioshows-300x225.jpg 300w, https:\/\/dependance.ch\/wp\/wp-content\/uploads\/2021\/05\/Radioshows-768x576.jpg 768w\" sizes=\"auto, (max-width: 800px) 100vw, 800px\" \/><\/a><\/p>\n","protected":false},"excerpt":{"rendered":"<p>La D\u00e9pendance Vinyl Collection &amp; Ephemera I Die Residenz beherbergt eine kleine Bibliothek und Plattensammlung. Die jeweiligen G\u00e4ste k\u00f6nnen nach ihrem Aufenthalt 3 B\u00fccher und eine Platte vorschlagen welche anschliessend in die Sammlung aufgenommen werden und so zu deren Aufbau beitragen. Der Mix &#8220; La D\u00e9pendance Vinyl Collection &amp; Ephemera I &#8220; versammelt nun eine [&hellip;]<\/p>\n","protected":false},"author":1,"featured_media":0,"parent":0,"menu_order":0,"comment_status":"closed","ping_status":"closed","template":"","meta":{"footnotes":""},"class_list":["post-2436","page","type-page","status-publish","hentry"],"_links":{"self":[{"href":"https:\/\/dependance.ch\/wp\/wp-json\/wp\/v2\/pages\/2436\/?lang=de"}],"collection":[{"href":"https:\/\/dependance.ch\/wp\/wp-json\/wp\/v2\/pages\/?lang=de"}],"about":[{"href":"https:\/\/dependance.ch\/wp\/wp-json\/wp\/v2\/types\/page\/?lang=de"}],"author":[{"embeddable":true,"href":"https:\/\/dependance.ch\/wp\/wp-json\/wp\/v2\/users\/1\/?lang=de"}],"replies":[{"embeddable":true,"href":"https:\/\/dependance.ch\/wp\/wp-json\/wp\/v2\/comments\/?lang=de&post=2436"}],"version-history":[{"count":7,"href":"https:\/\/dependance.ch\/wp\/wp-json\/wp\/v2\/pages\/2436\/revisions\/?lang=de"}],"predecessor-version":[{"id":2727,"href":"https:\/\/dependance.ch\/wp\/wp-json\/wp\/v2\/pages\/2436\/revisions\/2727\/?lang=de"}],"wp:attachment":[{"href":"https:\/\/dependance.ch\/wp\/wp-json\/wp\/v2\/media\/?lang=de&parent=2436"}],"curies":[{"name":"wp","href":"https:\/\/api.w.org\/{rel}","templated":true}]}}